{"id":28936,"date":"2025-04-07T21:44:42","date_gmt":"2025-04-07T21:44:42","guid":{"rendered":"https:\/\/dev.unik-seo.com\/marketing\/visita-virtual-360o-servicios-seo\/"},"modified":"2025-10-28T00:30:08","modified_gmt":"2025-10-28T00:30:08","slug":"tour-virtual-360","status":"publish","type":"page","link":"https:\/\/www.unik-seo.com\/es\/tour-virtual-360","title":{"rendered":"Visita Virtual 360"},"content":{"rendered":"<h3>Descubre el potencial oculto de tu sitio web<\/h3>\n<p>\t\t\t\t\t<a href=\"#\"><br \/>\n\t\t\t\t<svg aria-hidden=\"true\" viewBox=\"0 0 512 512\" xmlns=\"http:\/\/www.w3.org\/2000\/svg\"><path d=\"M505 442.7L405.3 343c-4.5-4.5-10.6-7-17-7H372c27.6-35.3 44-79.7 44-128C416 93.1 322.9 0 208 0S0 93.1 0 208s93.1 208 208 208c48.3 0 92.7-16.4 128-44v16.3c0 6.4 2.5 12.5 7 17l99.7 99.7c9.4 9.4 24.6 9.4 33.9 0l28.3-28.3c9.4-9.4 9.4-24.6.1-34zM208 336c-70.7 0-128-57.2-128-128 0-70.7 57.2-128 128-128 70.7 0 128 57.2 128 128 0 70.7-57.2 128-128 128z\"><\/path><\/svg><br \/>\n\t\t\t\t\t\t\t\t\tPide una propuesta<br \/>\n\t\t\t\t\t<\/a><\/p>\n<figure><img decoding=\"async\" src=\"https:\/\/www.unik-seo.com\/wp-content\/uploads\/2025\/03\/badge-awards.png\" alt=\"5+ Awards\" \/><figcaption>5+ Awards<\/figcaption><\/figure>\n<figure><img decoding=\"async\" src=\"https:\/\/www.unik-seo.com\/wp-content\/uploads\/2025\/03\/badge-clients.png\" alt=\"150+ Clients\" \/><figcaption>150+ Clients<\/figcaption><\/figure>\n<figure><img decoding=\"async\" src=\"https:\/\/www.unik-seo.com\/wp-content\/uploads\/2025\/03\/badge-conferences.png\" alt=\"30+ Conferences\" \/><figcaption>30+ Conferences<\/figcaption><\/figure>\n<figure><img decoding=\"async\" src=\"https:\/\/www.unik-seo.com\/wp-content\/uploads\/2025\/03\/badge-reviews.png\" alt=\"40+ Reviews\" \/><figcaption>40+ Reviews<\/figcaption><\/figure>\n<p>\t\t\t\t\t\t<svg aria-hidden=\"true\" viewBox=\"0 0 1000 1000\" xmlns=\"http:\/\/www.w3.org\/2000\/svg\"><path d=\"M646 125C629 125 613 133 604 142L308 442C296 454 292 471 292 487 292 504 296 521 308 533L604 854C617 867 629 875 646 875 663 875 679 871 692 858 704 846 713 829 713 812 713 796 708 779 692 767L438 487 692 225C700 217 708 204 708 187 708 171 704 154 692 142 675 129 663 125 646 125Z\"><\/path><\/svg><br \/>\n\t\t\t\t\t\t<svg aria-hidden=\"true\" viewBox=\"0 0 1000 1000\" xmlns=\"http:\/\/www.w3.org\/2000\/svg\"><path d=\"M696 533C708 521 713 504 713 487 713 471 708 454 696 446L400 146C388 133 375 125 354 125 338 125 325 129 313 142 300 154 292 171 292 187 292 204 296 221 308 233L563 492 304 771C292 783 288 800 288 817 288 833 296 850 308 863 321 871 338 875 354 875 371 875 388 867 400 854L696 533Z\"><\/path><\/svg>\t\t\t\t\t<\/p>\n<h2>\u00bfPor qu\u00e9 tu sitio web necesita una estrategia de Link Building y SEO Off-Page?<\/h2>\n<p>\t\tPondremos toda nuestra experiencia para ayudarte a conseguir tus objetivos de construcci\u00f3n de enlaces de las siguientes maneras:<br \/>\n\t\t\t\t<svg aria-hidden=\"true\" viewBox=\"0 0 512 512\" xmlns=\"http:\/\/www.w3.org\/2000\/svg\"><path d=\"M304.083 405.907c4.686 4.686 4.686 12.284 0 16.971l-44.674 44.674c-59.263 59.262-155.693 59.266-214.961 0-59.264-59.265-59.264-155.696 0-214.96l44.675-44.675c4.686-4.686 12.284-4.686 16.971 0l39.598 39.598c4.686 4.686 4.686 12.284 0 16.971l-44.675 44.674c-28.072 28.073-28.072 73.75 0 101.823 28.072 28.072 73.75 28.073 101.824 0l44.674-44.674c4.686-4.686 12.284-4.686 16.971 0l39.597 39.598zm-56.568-260.216c4.686 4.686 12.284 4.686 16.971 0l44.674-44.674c28.072-28.075 73.75-28.073 101.824 0 28.072 28.073 28.072 73.75 0 101.823l-44.675 44.674c-4.686 4.686-4.686 12.284 0 16.971l39.598 39.598c4.686 4.686 12.284 4.686 16.971 0l44.675-44.675c59.265-59.265 59.265-155.695 0-214.96-59.266-59.264-155.695-59.264-214.961 0l-44.674 44.674c-4.686 4.686-4.686 12.284 0 16.971l39.597 39.598zm234.828 359.28l22.627-22.627c9.373-9.373 9.373-24.569 0-33.941L63.598 7.029c-9.373-9.373-24.569-9.373-33.941 0L7.029 29.657c-9.373 9.373-9.373 24.569 0 33.941l441.373 441.373c9.373 9.372 24.569 9.372 33.941 0z\"><\/path><\/svg>\t\t\t\t<\/p>\n<h4>\n\t\t\t\t\t\t\tImportancia de los enlaces<br \/>\n\t\t\t\t\t<\/h4>\n<p>\n\t\t\t\t\t\tLos enlaces entrantes son un elemento esencial de la Optimizaci\u00f3n para Motores de B\u00fasqueda, ya que te ayudan a construir valiosos v\u00ednculos de retroceso. Tus p\u00e1ginas web ser\u00e1n mejor indexadas por las ara\u00f1as de los motores de b\u00fasqueda y, por tanto, te ayudar\u00e1n a aumentar el tr\u00e1fico y la clasificaci\u00f3n. \t\t\t\t\t<\/p>\n<p>\t\t\t\t<svg aria-hidden=\"true\" viewBox=\"0 0 512 512\" xmlns=\"http:\/\/www.w3.org\/2000\/svg\"><path d=\"M484.112 27.889C455.989-.233 416.108-8.057 387.059 8.865 347.604 31.848 223.504-41.111 91.196 91.197-41.277 223.672 31.923 347.472 8.866 387.058c-16.922 29.051-9.1 68.932 19.022 97.054 28.135 28.135 68.011 35.938 97.057 19.021 39.423-22.97 163.557 49.969 295.858-82.329 132.474-132.477 59.273-256.277 82.331-295.861 16.922-29.05 9.1-68.931-19.022-97.054zm-22.405 72.894c-38.8 66.609 45.6 165.635-74.845 286.08-120.44 120.443-219.475 36.048-286.076 74.843-22.679 13.207-64.035-27.241-50.493-50.488 38.8-66.609-45.6-165.635 74.845-286.08C245.573 4.702 344.616 89.086 411.219 50.292c22.73-13.24 64.005 27.288 50.488 50.491zm-169.861 8.736c1.37 10.96-6.404 20.957-17.365 22.327-54.846 6.855-135.779 87.787-142.635 142.635-1.373 10.989-11.399 18.734-22.326 17.365-10.961-1.37-18.735-11.366-17.365-22.326 9.162-73.286 104.167-168.215 177.365-177.365 10.953-1.368 20.956 6.403 22.326 17.364z\"><\/path><\/svg>\t\t\t\t<\/p>\n<h4>\n\t\t\t\t\t\t\tFuentes frescas de tr\u00e1fico<br \/>\n\t\t\t\t\t<\/h4>\n<p>\n\t\t\t\t\t\tLos enlaces entrantes procedentes de sitios web de autoridad y populares dentro de tu nicho de mercado atraer\u00e1n tr\u00e1fico fresco y altamente segmentado a tus p\u00e1ginas web. Ese es el primer y m\u00e1s importante efecto de los nuevos enlaces entrantes que apuntan a tu sitio web. \t\t\t\t\t<\/p>\n<p>\t\t\t\t<svg aria-hidden=\"true\" viewBox=\"0 0 512 512\" xmlns=\"http:\/\/www.w3.org\/2000\/svg\"><path d=\"M336.174 80c-49.132 0-93.305-32-161.913-32-31.301 0-58.303 6.482-80.721 15.168a48.04 48.04 0 0 0 2.142-20.727C93.067 19.575 74.167 1.594 51.201.104 23.242-1.71 0 20.431 0 48c0 17.764 9.657 33.262 24 41.562V496c0 8.837 7.163 16 16 16h16c8.837 0 16-7.163 16-16v-83.443C109.869 395.28 143.259 384 199.826 384c49.132 0 93.305 32 161.913 32 58.479 0 101.972-22.617 128.548-39.981C503.846 367.161 512 352.051 512 335.855V95.937c0-34.459-35.264-57.768-66.904-44.117C409.193 67.309 371.641 80 336.174 80zM464 336c-21.783 15.412-60.824 32-102.261 32-59.945 0-102.002-32-161.913-32-43.361 0-96.379 9.403-127.826 24V128c21.784-15.412 60.824-32 102.261-32 59.945 0 102.002 32 161.913 32 43.271 0 96.32-17.366 127.826-32v240z\"><\/path><\/svg>\t\t\t\t<\/p>\n<h4>\n\t\t\t\t\t\t\tMejores resultados de b\u00fasqueda<br \/>\n\t\t\t\t\t<\/h4>\n<p>\n\t\t\t\t\t\tObtener backlinks de calidad, tambi\u00e9n te permitir\u00e1 elegir, optimizar y diversificar tus textos de anclaje. As\u00ed obtendr\u00e1n una mejor clasificaci\u00f3n en las P\u00e1ginas de Resultados de los Motores de B\u00fasqueda (SERP). \t\t\t\t\t<\/p>\n<p>\t\t\t\t<svg aria-hidden=\"true\" viewBox=\"0 0 576 512\" xmlns=\"http:\/\/www.w3.org\/2000\/svg\"><path d=\"M528 0H48C21.5 0 0 21.5 0 48v320c0 26.5 21.5 48 48 48h192l-16 48h-72c-13.3 0-24 10.7-24 24s10.7 24 24 24h272c13.3 0 24-10.7 24-24s-10.7-24-24-24h-72l-16-48h192c26.5 0 48-21.5 48-48V48c0-26.5-21.5-48-48-48zm-16 352H64V64h448v288z\"><\/path><\/svg>\t\t\t\t<\/p>\n<h4>\n\t\t\t\t\t\t\tPopularidad del sitio web<br \/>\n\t\t\t\t\t<\/h4>\n<p>\n\t\t\t\t\t\tM\u00e1s que tr\u00e1fico, con una estrategia de Link Building exitosa, tu sitio ganar\u00e1 en popularidad, autoridad y confianza. \u00a1Obtener backlinks de calidad mejorar\u00e1 sin duda tu visibilidad global!\n\t\t\t\t\t<\/p>\n<h2>Texto del encabezamiento<\/h2>\n<h3>A\u00f1ade aqu\u00ed tu texto de encabezamiento<\/h3>\n<p>Excepteur eficiente emergente, minim veniam anim aute cuidadosamente comisariada Ginza conversaci\u00f3n exquisita perfecta nostrud nisi intrincado Contenido. Qui internacional de primera clase nulla ut. Punctual adipisicing, essential lovely queen tempor eiusmod irure. Exclusiva izakaya encantadora escandinava impecable aute calidad de vida soft power pariatur Melbourne occaecat discerning. Qui wardrobe aliquip, et Porter destination Toto notable officia Helsinki excepteur Basset hound. Z\u00fcrich sleepy perfect consectetur.     <\/p>\n<p>\t\t\t\t\t\t\t\t\t\t\t\t\t\t\t<img decoding=\"async\" src=\"https:\/\/www.unik-seo.com\/wp-content\/plugins\/elementor\/assets\/images\/placeholder.png\" title=\"\" alt=\"\" loading=\"lazy\" \/><br \/>\n\t\t\t\t\t\t\t\t\t\t\t\t\t\t\t<img decoding=\"async\" src=\"https:\/\/www.unik-seo.com\/wp-content\/plugins\/elementor\/assets\/images\/placeholder.png\" title=\"\" alt=\"\" loading=\"lazy\" \/>\t\t\t\t\t\t\t\t\t\t\t\t\t\t\t<\/p>\n<h2>Texto del encabezamiento<\/h2>\n<h3>A\u00f1ade aqu\u00ed tu texto de encabezamiento<\/h3>\n<p>Excepteur eficiente emergente, minim veniam anim aute cuidadosamente comisariada Ginza conversaci\u00f3n exquisita perfecta nostrud nisi intrincado Contenido. Qui internacional de primera clase nulla ut. Punctual adipisicing, essential lovely queen tempor eiusmod irure. Exclusiva izakaya encantadora escandinava impecable aute calidad de vida soft power pariatur Melbourne occaecat discerning. Qui wardrobe aliquip, et Porter destination Toto notable officia Helsinki excepteur Basset hound. Z\u00fcrich sleepy perfect consectetur.     <\/p>\n<h2>Descubre un caso pr\u00e1ctico de los mejores de su clase<\/h2>\n<h3>Historias de \u00e9xito de nuestro trabajo<\/h3>\n<h2>Preguntas frecuentes relacionadas<\/h2>\n<details id=\"e-n-accordion-item-2640\" >\n<summary data-accordion-index=\"1\" tabindex=\"0\" aria-expanded=\"false\" aria-controls=\"e-n-accordion-item-2640\" >\n<h6> Qui internacional de primera clase nulla ut. <\/h6>\n<p>\t\t\t<svg aria-hidden=\"true\" viewBox=\"0 0 448 512\" xmlns=\"http:\/\/www.w3.org\/2000\/svg\"><path d=\"M240.971 130.524l194.343 194.343c9.373 9.373 9.373 24.569 0 33.941l-22.667 22.667c-9.357 9.357-24.522 9.375-33.901.04L224 227.495 69.255 381.516c-9.379 9.335-24.544 9.317-33.901-.04l-22.667-22.667c-9.373-9.373-9.373-24.569 0-33.941L207.03 130.525c9.372-9.373 24.568-9.373 33.941-.001z\"><\/path><\/svg><br \/>\n\t\t\t<svg aria-hidden=\"true\" viewBox=\"0 0 448 512\" xmlns=\"http:\/\/www.w3.org\/2000\/svg\"><path d=\"M207.029 381.476L12.686 187.132c-9.373-9.373-9.373-24.569 0-33.941l22.667-22.667c9.357-9.357 24.522-9.375 33.901-.04L224 284.505l154.745-154.021c9.379-9.335 24.544-9.317 33.901.04l22.667 22.667c9.373 9.373 9.373 24.569 0 33.941L240.971 381.476c-9.373 9.372-24.569 9.372-33.942 0z\"><\/path><\/svg><br \/>\n\t\t\t\t\t\t<\/summary>\n<p>Lorem ipsum dolor sit amet, consectetur adipiscing elit. Ut elit tellus, luctus nec ullamcorper mattis, pulvinar dapibus leo.<\/p>\n<\/details>\n<details id=\"e-n-accordion-item-2641\" >\n<summary data-accordion-index=\"2\" tabindex=\"-1\" aria-expanded=\"false\" aria-controls=\"e-n-accordion-item-2641\" >\n<h6> Qui internacional de primera clase nulla ut. <\/h6>\n<p>\t\t\t<svg aria-hidden=\"true\" viewBox=\"0 0 448 512\" xmlns=\"http:\/\/www.w3.org\/2000\/svg\"><path d=\"M240.971 130.524l194.343 194.343c9.373 9.373 9.373 24.569 0 33.941l-22.667 22.667c-9.357 9.357-24.522 9.375-33.901.04L224 227.495 69.255 381.516c-9.379 9.335-24.544 9.317-33.901-.04l-22.667-22.667c-9.373-9.373-9.373-24.569 0-33.941L207.03 130.525c9.372-9.373 24.568-9.373 33.941-.001z\"><\/path><\/svg><br \/>\n\t\t\t<svg aria-hidden=\"true\" viewBox=\"0 0 448 512\" xmlns=\"http:\/\/www.w3.org\/2000\/svg\"><path d=\"M207.029 381.476L12.686 187.132c-9.373-9.373-9.373-24.569 0-33.941l22.667-22.667c9.357-9.357 24.522-9.375 33.901-.04L224 284.505l154.745-154.021c9.379-9.335 24.544-9.317 33.901.04l22.667 22.667c9.373 9.373 9.373 24.569 0 33.941L240.971 381.476c-9.373 9.372-24.569 9.372-33.942 0z\"><\/path><\/svg><br \/>\n\t\t\t\t\t\t<\/summary>\n<p>Lorem ipsum dolor sit amet, consectetur adipiscing elit. Ut elit tellus, luctus nec ullamcorper mattis, pulvinar dapibus leo.<\/p>\n<\/details>\n<details id=\"e-n-accordion-item-2642\" >\n<summary data-accordion-index=\"3\" tabindex=\"-1\" aria-expanded=\"false\" aria-controls=\"e-n-accordion-item-2642\" >\n<h6> Qui internacional de primera clase nulla ut. <\/h6>\n<p>\t\t\t<svg aria-hidden=\"true\" viewBox=\"0 0 448 512\" xmlns=\"http:\/\/www.w3.org\/2000\/svg\"><path d=\"M240.971 130.524l194.343 194.343c9.373 9.373 9.373 24.569 0 33.941l-22.667 22.667c-9.357 9.357-24.522 9.375-33.901.04L224 227.495 69.255 381.516c-9.379 9.335-24.544 9.317-33.901-.04l-22.667-22.667c-9.373-9.373-9.373-24.569 0-33.941L207.03 130.525c9.372-9.373 24.568-9.373 33.941-.001z\"><\/path><\/svg><br \/>\n\t\t\t<svg aria-hidden=\"true\" viewBox=\"0 0 448 512\" xmlns=\"http:\/\/www.w3.org\/2000\/svg\"><path d=\"M207.029 381.476L12.686 187.132c-9.373-9.373-9.373-24.569 0-33.941l22.667-22.667c9.357-9.357 24.522-9.375 33.901-.04L224 284.505l154.745-154.021c9.379-9.335 24.544-9.317 33.901.04l22.667 22.667c9.373 9.373 9.373 24.569 0 33.941L240.971 381.476c-9.373 9.372-24.569 9.372-33.942 0z\"><\/path><\/svg><br \/>\n\t\t\t\t\t\t<\/summary>\n<p>Lorem ipsum dolor sit amet, consectetur adipiscing elit. Ut elit tellus, luctus nec ullamcorper mattis, pulvinar dapibus leo.<\/p>\n<\/details>\n<p>Lorem ipsum dolor sit amet, consectetur adipiscing elit. Ut elit tellus, luctus nec ullamcorper mattis, pulvinar dapibus leo.<\/p>\n<p>Lorem ipsum dolor sit amet, consectetur adipiscing elit. Ut elit tellus, luctus nec ullamcorper mattis, pulvinar dapibus leo.<\/p>\n<p>Lorem ipsum dolor sit amet, consectetur adipiscing elit. Ut elit tellus, luctus nec ullamcorper mattis, pulvinar dapibus leo.<\/p>\n<h2>Servicios SEO relacionados<\/h2>\n","protected":false},"excerpt":{"rendered":"<p>UniK SEO combina efectos visuales envolventes con conocimientos t\u00e9cnicos para ofrecer visitas SEO de 360\u00ba de nivel superior que hacen algo m\u00e1s que parecer atractivas: consiguen que te encuentren.<\/p>\n","protected":false},"author":3,"featured_media":28943,"parent":0,"menu_order":0,"comment_status":"closed","ping_status":"closed","template":"","meta":{"_acf_changed":false,"footnotes":""},"categories":[183],"tags":[123],"service":[],"class_list":["post-28936","page","type-page","status-publish","has-post-thumbnail","hentry","category-social-y-datos","tag-local"],"acf":[],"aioseo_notices":[],"_links":{"self":[{"href":"https:\/\/www.unik-seo.com\/es\/wp-json\/wp\/v2\/pages\/28936","targetHints":{"allow":["GET"]}}],"collection":[{"href":"https:\/\/www.unik-seo.com\/es\/wp-json\/wp\/v2\/pages"}],"about":[{"href":"https:\/\/www.unik-seo.com\/es\/wp-json\/wp\/v2\/types\/page"}],"author":[{"embeddable":true,"href":"https:\/\/www.unik-seo.com\/es\/wp-json\/wp\/v2\/users\/3"}],"replies":[{"embeddable":true,"href":"https:\/\/www.unik-seo.com\/es\/wp-json\/wp\/v2\/comments?post=28936"}],"version-history":[{"count":5,"href":"https:\/\/www.unik-seo.com\/es\/wp-json\/wp\/v2\/pages\/28936\/revisions"}],"predecessor-version":[{"id":31478,"href":"https:\/\/www.unik-seo.com\/es\/wp-json\/wp\/v2\/pages\/28936\/revisions\/31478"}],"wp:featuredmedia":[{"embeddable":true,"href":"https:\/\/www.unik-seo.com\/es\/wp-json\/wp\/v2\/media\/28943"}],"wp:attachment":[{"href":"https:\/\/www.unik-seo.com\/es\/wp-json\/wp\/v2\/media?parent=28936"}],"wp:term":[{"taxonomy":"category","embeddable":true,"href":"https:\/\/www.unik-seo.com\/es\/wp-json\/wp\/v2\/categories?post=28936"},{"taxonomy":"post_tag","embeddable":true,"href":"https:\/\/www.unik-seo.com\/es\/wp-json\/wp\/v2\/tags?post=28936"},{"taxonomy":"service","embeddable":true,"href":"https:\/\/www.unik-seo.com\/es\/wp-json\/wp\/v2\/service?post=28936"}],"curies":[{"name":"wp","href":"https:\/\/api.w.org\/{rel}","templated":true}]}}