{"id":28930,"date":"2025-04-07T21:37:16","date_gmt":"2025-04-07T21:37:16","guid":{"rendered":"https:\/\/dev.unik-seo.com\/marketing\/anuncios-de-casino-con-programmatic\/"},"modified":"2025-10-08T15:55:34","modified_gmt":"2025-10-08T15:55:34","slug":"anuncios-casinos","status":"publish","type":"page","link":"https:\/\/www.unik-seo.com\/es\/anuncios-casinos","title":{"rendered":"Anuncios Programmatic para Casinos"},"content":{"rendered":"","protected":false},"excerpt":{"rendered":"<p>A trav\u00e9s de Programmatic, ahora podemos ejecutar Anuncios de Casino para tu negocio. Las campa\u00f1as de anuncios pueden ayudarte a conseguir m\u00e1s tr\u00e1fico web y m\u00e1s visibilidad online. Junto con una estrategia SEO, \u00e9sta es la herramienta perfecta para crecer en la Industria del Casino.  <\/p>\n","protected":false},"author":3,"featured_media":28933,"parent":0,"menu_order":0,"comment_status":"closed","ping_status":"closed","template":"","meta":{"_acf_changed":false,"footnotes":""},"categories":[187],"tags":[264,122],"service":[],"class_list":["post-28930","page","type-page","status-publish","has-post-thumbnail","hentry","category-ppc-es","tag-ads","tag-crypto"],"acf":[],"aioseo_notices":[],"_links":{"self":[{"href":"https:\/\/www.unik-seo.com\/es\/wp-json\/wp\/v2\/pages\/28930","targetHints":{"allow":["GET"]}}],"collection":[{"href":"https:\/\/www.unik-seo.com\/es\/wp-json\/wp\/v2\/pages"}],"about":[{"href":"https:\/\/www.unik-seo.com\/es\/wp-json\/wp\/v2\/types\/page"}],"author":[{"embeddable":true,"href":"https:\/\/www.unik-seo.com\/es\/wp-json\/wp\/v2\/users\/3"}],"replies":[{"embeddable":true,"href":"https:\/\/www.unik-seo.com\/es\/wp-json\/wp\/v2\/comments?post=28930"}],"version-history":[{"count":2,"href":"https:\/\/www.unik-seo.com\/es\/wp-json\/wp\/v2\/pages\/28930\/revisions"}],"predecessor-version":[{"id":30672,"href":"https:\/\/www.unik-seo.com\/es\/wp-json\/wp\/v2\/pages\/28930\/revisions\/30672"}],"wp:featuredmedia":[{"embeddable":true,"href":"https:\/\/www.unik-seo.com\/es\/wp-json\/wp\/v2\/media\/28933"}],"wp:attachment":[{"href":"https:\/\/www.unik-seo.com\/es\/wp-json\/wp\/v2\/media?parent=28930"}],"wp:term":[{"taxonomy":"category","embeddable":true,"href":"https:\/\/www.unik-seo.com\/es\/wp-json\/wp\/v2\/categories?post=28930"},{"taxonomy":"post_tag","embeddable":true,"href":"https:\/\/www.unik-seo.com\/es\/wp-json\/wp\/v2\/tags?post=28930"},{"taxonomy":"service","embeddable":true,"href":"https:\/\/www.unik-seo.com\/es\/wp-json\/wp\/v2\/service?post=28930"}],"curies":[{"name":"wp","href":"https:\/\/api.w.org\/{rel}","templated":true}]}}