{"id":28919,"date":"2025-04-07T21:38:27","date_gmt":"2025-04-07T21:38:27","guid":{"rendered":"https:\/\/dev.unik-seo.com\/marketing\/agencia-de-anuncios-pinterest\/"},"modified":"2025-10-08T15:55:15","modified_gmt":"2025-10-08T15:55:15","slug":"anuncios-pinterest","status":"publish","type":"page","link":"https:\/\/www.unik-seo.com\/es\/anuncios-pinterest","title":{"rendered":"Anuncios Pinterest"},"content":{"rendered":"","protected":false},"excerpt":{"rendered":"<p>\u00bfBuscas una agencia de anuncios de Pinterest que se encargue de las compras sociales? En UniK SEO, convertimos Pines en beneficios con anuncios de Pinterest gestionados por expertos. Desde anuncios de productos y compras hasta formatos de generaci\u00f3n de contactos y b\u00fasqueda, ayudamos a las marcas a llegar a los compradores all\u00ed donde planifican, pinean y compran.  <\/p>\n","protected":false},"author":3,"featured_media":28924,"parent":0,"menu_order":0,"comment_status":"closed","ping_status":"closed","template":"","meta":{"_acf_changed":false,"footnotes":""},"categories":[187],"tags":[264,124],"service":[],"class_list":["post-28919","page","type-page","status-publish","has-post-thumbnail","hentry","category-ppc-es","tag-ads","tag-b2b"],"acf":[],"aioseo_notices":[],"_links":{"self":[{"href":"https:\/\/www.unik-seo.com\/es\/wp-json\/wp\/v2\/pages\/28919","targetHints":{"allow":["GET"]}}],"collection":[{"href":"https:\/\/www.unik-seo.com\/es\/wp-json\/wp\/v2\/pages"}],"about":[{"href":"https:\/\/www.unik-seo.com\/es\/wp-json\/wp\/v2\/types\/page"}],"author":[{"embeddable":true,"href":"https:\/\/www.unik-seo.com\/es\/wp-json\/wp\/v2\/users\/3"}],"replies":[{"embeddable":true,"href":"https:\/\/www.unik-seo.com\/es\/wp-json\/wp\/v2\/comments?post=28919"}],"version-history":[{"count":3,"href":"https:\/\/www.unik-seo.com\/es\/wp-json\/wp\/v2\/pages\/28919\/revisions"}],"predecessor-version":[{"id":30789,"href":"https:\/\/www.unik-seo.com\/es\/wp-json\/wp\/v2\/pages\/28919\/revisions\/30789"}],"wp:featuredmedia":[{"embeddable":true,"href":"https:\/\/www.unik-seo.com\/es\/wp-json\/wp\/v2\/media\/28924"}],"wp:attachment":[{"href":"https:\/\/www.unik-seo.com\/es\/wp-json\/wp\/v2\/media?parent=28919"}],"wp:term":[{"taxonomy":"category","embeddable":true,"href":"https:\/\/www.unik-seo.com\/es\/wp-json\/wp\/v2\/categories?post=28919"},{"taxonomy":"post_tag","embeddable":true,"href":"https:\/\/www.unik-seo.com\/es\/wp-json\/wp\/v2\/tags?post=28919"},{"taxonomy":"service","embeddable":true,"href":"https:\/\/www.unik-seo.com\/es\/wp-json\/wp\/v2\/service?post=28919"}],"curies":[{"name":"wp","href":"https:\/\/api.w.org\/{rel}","templated":true}]}}