{"id":28916,"date":"2025-04-08T17:01:07","date_gmt":"2025-04-08T17:01:07","guid":{"rendered":"https:\/\/dev.unik-seo.com\/politica-de-privacidad\/"},"modified":"2025-09-11T10:44:31","modified_gmt":"2025-09-11T10:44:31","slug":"politica-de-privacidad","status":"publish","type":"page","link":"https:\/\/www.unik-seo.com\/es\/politica-de-privacidad","title":{"rendered":"Pol\u00edtica de privacidad"},"content":{"rendered":"\n<h2 class=\"wp-block-heading\">\u00bfQUI\u00c9NES SOMOS?<\/h2>\n\n<p>De conformidad con el Reglamento (UE) 2016\/679 DEL PARLAMENTO EUROPEO Y DEL CONSEJO, de 27 de abril de 2016, relativo a la protecci\u00f3n de las personas f\u00edsicas en lo que respecta al tratamiento de datos personales y a la libre circulaci\u00f3n de estos datos, informamos que UNIK SEO es una marca titular de Pragmatikexpert LDA, sociedad de responsabilidad limitada, con sede en Av. Do Forte Frac\u00e7\u00e3o O1, n.\u00ba 8, 2790-072 Carnaxide, Portugal, inscrita en la Oficina del Registro Mercantil, bajo el n\u00famero de registro \u00fanico y persona jur\u00eddica 514064820 denominada \u00abUNIK SEO\u00bb, que act\u00faa en el \u00e1rea del Marketing Digital. <\/p>\n\n<h2 class=\"wp-block-heading\">\u00bfQUI\u00c9N ES RESPONSABLE DEL TRATAMIENTO DE DATOS?<\/h2>\n\n<p>La entidad responsable del tratamiento de los datos personales es UNIK SEO. Decide qu\u00e9 datos se recogen, los medios para procesarlos y los fines para los que se utilizan. <\/p>\n\n<h2 class=\"wp-block-heading\">\u00bfPOR QU\u00c9 UNA POL\u00cdTICA DE PRIVACIDAD?<\/h2>\n\n<p>Porque UNIK SEO se compromete a proteger la privacidad de sus Usuarios, y en este contexto, ha desarrollado esta Pol\u00edtica de Privacidad con el fin de demostrar su compromiso y respeto por las normas de privacidad y protecci\u00f3n de datos personales. Si no est\u00e1s de acuerdo con nuestra Pol\u00edtica de Privacidad, no debes proceder a rellenar el formulario de contacto de nuestro sitio, ni suscribirte a nuestro Bolet\u00edn de Noticias. <\/p>\n\n<h2 class=\"wp-block-heading\">\u00bfQU\u00c9 CUBRE ESTA POL\u00cdTICA DE PRIVACIDAD?<\/h2>\n\n<p>Esta Pol\u00edtica de Privacidad se aplica exclusivamente a la recogida y tratamiento de datos personales realizados por UNIK SEO en el \u00e1mbito de su actividad.<\/p>\n\n<h2 class=\"wp-block-heading\">\u00bfQU\u00c9 TIPO DE DATOS PERSONALES SE RECOGEN Y C\u00d3MO LOS RECOGEMOS?<\/h2>\n\n<p>UNIK SEO recaba datos de car\u00e1cter personal que siempre son facilitados por el Usuario al cumplimentar los respectivos formularios. Los datos recabados son los adecuados, pertinentes y no excesivos en relaci\u00f3n con el \u00e1mbito, las finalidades y servicios determinados, expl\u00edcitos y leg\u00edtimos de UNIK SEO. En este caso, los datos recogidos son los que aparecen en este sitio: Nombre, E-Mail, Tel\u00e9fono, Sitio Web.  <\/p>\n\n<h2 class=\"wp-block-heading\">\u00bfPARA QU\u00c9 SE UTILIZAN LOS DATOS?<\/h2>\n\n<p>Los datos facilitados por el Usuario ser\u00e1n utilizados por UNIK SEO para enviar m\u00e1s informaci\u00f3n, v\u00eda correo electr\u00f3nico, sobre su formaci\u00f3n o sobre Iniciativas y Productos\/Servicios de UNIK SEO.<\/p>\n\n<h2 class=\"wp-block-heading\">\u00bfCU\u00c1NTO TIEMPO CONSERVAREMOS ESTOS DATOS?<\/h2>\n\n<p>Los datos se conservar\u00e1n hasta que el usuario desee eliminarlos.<\/p>\n\n<h2 class=\"wp-block-heading\">\u00bfC\u00d3MO EJERCER EL DERECHO DE ACCESO, RECONOCIMIENTO Y CANCELACI\u00d3N DE LOS DATOS?<\/h2>\n\n<p>El Usuario podr\u00e1 ejercer sus derechos de acceso, rectificaci\u00f3n y cancelaci\u00f3n de sus datos personales. El ejercicio de este derecho puede realizarse por correo electr\u00f3nico a<a href=\"mailto:info@unik-seo.com\" title=\"\"> info@unik-seo.com.<\/a> <\/p>\n\n<h2 class=\"wp-block-heading\">\u00bfC\u00d3MO TE OPONES A RECIBIR CONTACTOS CON FINES DE MARKETING?<\/h2>\n\n<p>Si no deseas recibir estas comunicaciones, puedes oponerte en cualquier momento al uso de tus datos con fines de marketing enviando un correo electr\u00f3nico a <a href=\"mailto:info@unik-seo.com\">info@unik-seo.com.<\/a><\/p>\n\n<h2 class=\"wp-block-heading\">\u00bfC\u00d3MO SE GARANTIZA LA SEGURIDAD DE TUS DATOS PERSONALES?<\/h2>\n\n<p>Los datos personales facilitados por los Usuarios ser\u00e1n incorporados a un fichero automatizado en los t\u00e9rminos y condiciones establecidos en la citada Ley 2016\/679, de 27 de abril. UNIK SEO respeta las mejores pr\u00e1cticas en materia de seguridad y protecci\u00f3n de datos personales, y para ello cuenta con un sistema que garantiza la seguridad, la confidencialidad de tus datos personales as\u00ed como la privacidad de las comunicaciones electr\u00f3nicas. La pol\u00edtica de seguridad de UNIK SEO para la recogida y almacenamiento de datos contempla, adem\u00e1s de otros aspectos, una elevada inversi\u00f3n en infraestructuras tecnol\u00f3gicas que impidan el acceso a los datos personales por parte de personas no autorizadas. Se adoptan todas las medidas de seguridad que UNIK SEO entiende indispensables para la protecci\u00f3n de tus datos personales. No obstante, UNIK SEO alerta a los usuarios de la necesidad de adoptar medidas de seguridad adicionales, como asegurarse de que utilizan un navegador actualizado en t\u00e9rminos de parches de seguridad correctamente configurados con cortafuegos activo, antivirus y antispyware, y asegurarse de la autenticidad de los sitios que visitan en Internet, y evitar los sitios en cuya reputaci\u00f3n no conf\u00edan.    <\/p>\n\n<h2 class=\"wp-block-heading\">PROTECCI\u00d3N CONTRA EL SPAMMING<\/h2>\n\n<p>El spam es el env\u00edo indiscriminado de correos electr\u00f3nicos a desconocidos. UNIK SEO garantiza que no utilizar\u00e1 los datos recogidos en este sitio para fines distintos de los suyos. <\/p>\n","protected":false},"excerpt":{"rendered":"<p>Si no est\u00e1s de acuerdo con nuestra Pol\u00edtica de Privacidad, no debes rellenar el formulario de contacto de nuestro sitio ni suscribirte a nuestro Bolet\u00edn.<\/p>\n","protected":false},"author":3,"featured_media":0,"parent":0,"menu_order":0,"comment_status":"closed","ping_status":"closed","template":"","meta":{"_acf_changed":false,"footnotes":""},"categories":[],"tags":[],"service":[],"class_list":["post-28916","page","type-page","status-publish","hentry"],"acf":[],"aioseo_notices":[],"_links":{"self":[{"href":"https:\/\/www.unik-seo.com\/es\/wp-json\/wp\/v2\/pages\/28916","targetHints":{"allow":["GET"]}}],"collection":[{"href":"https:\/\/www.unik-seo.com\/es\/wp-json\/wp\/v2\/pages"}],"about":[{"href":"https:\/\/www.unik-seo.com\/es\/wp-json\/wp\/v2\/types\/page"}],"author":[{"embeddable":true,"href":"https:\/\/www.unik-seo.com\/es\/wp-json\/wp\/v2\/users\/3"}],"replies":[{"embeddable":true,"href":"https:\/\/www.unik-seo.com\/es\/wp-json\/wp\/v2\/comments?post=28916"}],"version-history":[{"count":2,"href":"https:\/\/www.unik-seo.com\/es\/wp-json\/wp\/v2\/pages\/28916\/revisions"}],"predecessor-version":[{"id":28918,"href":"https:\/\/www.unik-seo.com\/es\/wp-json\/wp\/v2\/pages\/28916\/revisions\/28918"}],"wp:attachment":[{"href":"https:\/\/www.unik-seo.com\/es\/wp-json\/wp\/v2\/media?parent=28916"}],"wp:term":[{"taxonomy":"category","embeddable":true,"href":"https:\/\/www.unik-seo.com\/es\/wp-json\/wp\/v2\/categories?post=28916"},{"taxonomy":"post_tag","embeddable":true,"href":"https:\/\/www.unik-seo.com\/es\/wp-json\/wp\/v2\/tags?post=28916"},{"taxonomy":"service","embeddable":true,"href":"https:\/\/www.unik-seo.com\/es\/wp-json\/wp\/v2\/service?post=28916"}],"curies":[{"name":"wp","href":"https:\/\/api.w.org\/{rel}","templated":true}]}}