{"id":28909,"date":"2025-04-07T21:39:58","date_gmt":"2025-04-07T21:39:58","guid":{"rendered":"https:\/\/dev.unik-seo.com\/marketing\/gestion-de-anuncios-de-reddit\/"},"modified":"2026-03-28T21:06:12","modified_gmt":"2026-03-28T21:06:12","slug":"anuncios-reddit","status":"publish","type":"page","link":"https:\/\/www.unik-seo.com\/es\/anuncios-reddit","title":{"rendered":"Anuncios en Reddit"},"content":{"rendered":"","protected":false},"excerpt":{"rendered":"<p>UniK SEO no trata la publicidad en Reddit como cualquier otro canal de las redes sociales. Porque no lo es. Si est\u00e1s planeando simplemente reutilizar tu publicidad Meta aqu\u00ed, ser\u00e1s descalificado en m\u00e1s de un sentido&#8230;  <\/p>\n","protected":false},"author":3,"featured_media":28914,"parent":0,"menu_order":0,"comment_status":"closed","ping_status":"closed","template":"","meta":{"_acf_changed":false,"footnotes":""},"categories":[187],"tags":[282,268],"service":[],"class_list":["post-28909","page","type-page","status-publish","has-post-thumbnail","hentry","category-ppc-es","tag-ads","tag-social-media"],"acf":[],"aioseo_notices":[],"_links":{"self":[{"href":"https:\/\/www.unik-seo.com\/es\/wp-json\/wp\/v2\/pages\/28909","targetHints":{"allow":["GET"]}}],"collection":[{"href":"https:\/\/www.unik-seo.com\/es\/wp-json\/wp\/v2\/pages"}],"about":[{"href":"https:\/\/www.unik-seo.com\/es\/wp-json\/wp\/v2\/types\/page"}],"author":[{"embeddable":true,"href":"https:\/\/www.unik-seo.com\/es\/wp-json\/wp\/v2\/users\/3"}],"replies":[{"embeddable":true,"href":"https:\/\/www.unik-seo.com\/es\/wp-json\/wp\/v2\/comments?post=28909"}],"version-history":[{"count":5,"href":"https:\/\/www.unik-seo.com\/es\/wp-json\/wp\/v2\/pages\/28909\/revisions"}],"predecessor-version":[{"id":32465,"href":"https:\/\/www.unik-seo.com\/es\/wp-json\/wp\/v2\/pages\/28909\/revisions\/32465"}],"wp:featuredmedia":[{"embeddable":true,"href":"https:\/\/www.unik-seo.com\/es\/wp-json\/wp\/v2\/media\/28914"}],"wp:attachment":[{"href":"https:\/\/www.unik-seo.com\/es\/wp-json\/wp\/v2\/media?parent=28909"}],"wp:term":[{"taxonomy":"category","embeddable":true,"href":"https:\/\/www.unik-seo.com\/es\/wp-json\/wp\/v2\/categories?post=28909"},{"taxonomy":"post_tag","embeddable":true,"href":"https:\/\/www.unik-seo.com\/es\/wp-json\/wp\/v2\/tags?post=28909"},{"taxonomy":"service","embeddable":true,"href":"https:\/\/www.unik-seo.com\/es\/wp-json\/wp\/v2\/service?post=28909"}],"curies":[{"name":"wp","href":"https:\/\/api.w.org\/{rel}","templated":true}]}}