{"id":28905,"date":"2025-04-08T17:27:17","date_gmt":"2025-04-08T17:27:17","guid":{"rendered":"https:\/\/dev.unik-seo.com\/condiciones-generales\/"},"modified":"2025-09-11T10:44:31","modified_gmt":"2025-09-11T10:44:31","slug":"condiciones-generales","status":"publish","type":"page","link":"https:\/\/www.unik-seo.com\/es\/condiciones-generales","title":{"rendered":"Condiciones generales"},"content":{"rendered":"\n<h2 class=\"wp-block-heading\">Informaci\u00f3n legal<\/h2>\n\n<h2 class=\"wp-block-heading\">1. Presentaci\u00f3n del sitio<\/h2>\n\n<p>De conformidad con el art\u00edculo 6 de la Ley n\u00ba 2004-575, de 21 de junio de 2004, sobre la confianza en la econom\u00eda digital, se informa a los usuarios del sitio www.unik-seo.com de la identidad de las distintas partes implicadas en su creaci\u00f3n y seguimiento:<\/p>\n\n<ul class=\"wp-block-list\">\n<li><strong>Propietario: <\/strong>Pragmatikexpert Lda. &#8211; 514064820 &#8211; UNIK SEO &#8211; Avenida do Forte, 8, Fra\u00e7\u00e3o O1. 2790-072 Carnaxide. Portugal   <\/li>\n\n\n\n<li><strong>Creador: <\/strong><a href=\"https:\/\/www.unik-seo.com\/\" title=\"\">UniK SEO<\/a><\/li>\n\n\n\n<li><strong>Director de la publicaci\u00f3n:<\/strong> Gr\u00e9goire Lacan &#8211; <a href=\"mailto:info@unik-seo.com\">info@unik-seo.com<\/a><\/li>\n\n\n\n<li>El responsable de la publicaci\u00f3n es una persona f\u00edsica o jur\u00eddica.<\/li>\n\n\n\n<li><strong>Webmaster:<\/strong> Gr\u00e9goire Lacan &#8211; <a href=\"mailto:info@unik-seo.com\">info@unik-seo.com<\/a><\/li>\n\n\n\n<li><strong>Anfitri\u00f3n: <\/strong>UniK SEO &#8211; Avenida do Forte, 8, Fra\u00e7\u00e3o O1. 2790-072 Carnaxide. Portugal  <\/li>\n<\/ul>\n\n<h2 class=\"wp-block-heading\">2. Condiciones generales de uso del sitio y de los servicios ofrecidos<\/h2>\n\n<p>El uso del sitio <a href=\"http:\/\/www.unik-seo.com\" title=\"www.unik-seo.com\">www.unik-seo.com<\/a> implica la plena aceptaci\u00f3n de las condiciones generales de uso que se describen a continuaci\u00f3n. Estas condiciones de uso pueden ser modificadas o complementadas en cualquier momento, por lo que se aconseja a los usuarios del sitio www.unik-seo.com que las consulten regularmente. <\/p>\n\n<p>Este sitio es normalmente accesible a los usuarios en todo momento. Sin embargo, Pragmatikexpert Lda. puede decidir interrumpir el sitio por motivos de mantenimiento t\u00e9cnico y se esforzar\u00e1 por informar a los usuarios de las fechas y horas de la intervenci\u00f3n con antelaci\u00f3n.  <\/p>\n\n<p>El sitio <a href=\"http:\/\/www.unik-seo.com\" title=\"\">Pragmatikexpert Lda<\/a>.<\/p>\n\n<p>El sitio web <a href=\"http:\/\/www.unik-seo.com\" title=\"\">www.unik-seo.com<\/a> es actualizado regularmente por Gr\u00e9goire Lacan. Del mismo modo, las menciones legales pueden ser modificadas en cualquier momento: no obstante, son vinculantes para el usuario, al que se invita a consultarlas con la mayor frecuencia posible para estar al corriente de las mismas. <\/p>\n\n<h2 class=\"wp-block-heading\">3. Descripci\u00f3n de los servicios prestados<\/h2>\n\n<p>El objetivo del sitio web <a href=\"https:\/\/www.unik-seo.com\/\" title=\"\">www.unik-seo.com<\/a> es proporcionar informaci\u00f3n sobre todas las actividades de la empresa.<\/p>\n\n<ol start=\"3\" class=\"wp-block-list\">\n<li><\/li>\n<\/ol>\n\n<p>Pragmatikexpert Lda. se esfuerza por proporcionar en el sitio <a href=\"https:\/\/www.unik-seo.com\/\" title=\"\">www.unik-seo.com<\/a> informaci\u00f3n lo m\u00e1s exacta posible. Sin embargo, no se hace responsable de las omisiones, inexactitudes y deficiencias en la actualizaci\u00f3n, ya sean causadas por ella misma o por terceros asociados que proporcionen esta informaci\u00f3n.  <\/p>\n\n<p>Toda la informaci\u00f3n indicada en el sitio <a href=\"https:\/\/www.unik-seo.com\/\" title=\"\">www.unik-seo.com<\/a> se da a t\u00edtulo indicativo, y puede cambiar. Adem\u00e1s, la informaci\u00f3n del sitio <a href=\"https:\/\/www.unik-seo.com\/\" title=\"\">www.unik-seo.com<\/a> no es exhaustiva. Se facilita a reserva de las modificaciones que se hayan producido desde su puesta en l\u00ednea.  <\/p>\n\n<h2 class=\"wp-block-heading\">4. Limitaciones contractuales de los datos t\u00e9cnicos<\/h2>\n\n<p>El sitio web utiliza tecnolog\u00eda JavaScript.<\/p>\n\n<p>El sitio web no se hace responsable de ning\u00fan da\u00f1o material relacionado con el uso del sitio web. Adem\u00e1s, el usuario del sitio se compromete a acceder al sitio utilizando equipos recientes, libres de virus y con un navegador actualizado de \u00faltima generaci\u00f3n. <\/p>\n\n<h2 class=\"wp-block-heading\">5. Propiedad intelectual y falsificaci\u00f3n<\/h2>\n\n<p>Pragmatikexpert Lda. es titular de los derechos de propiedad intelectual o tiene los derechos de uso sobre todos los elementos accesibles en el sitio, incluyendo textos, im\u00e1genes, gr\u00e1ficos, logotipos, iconos, sonidos, software. <\/p>\n\n<p>Cualquier reproducci\u00f3n, representaci\u00f3n, modificaci\u00f3n, publicaci\u00f3n, adaptaci\u00f3n de la totalidad o parte de los elementos del sitio, cualquiera que sea el medio o procedimiento utilizado, est\u00e1 prohibido, salvo autorizaci\u00f3n previa por escrito de : Pragmatikexpert Lda.<\/p>\n\n<p>Cualquier explotaci\u00f3n no autorizada del sitio o de alguno de los elementos que contiene se considerar\u00e1 constitutiva de infracci\u00f3n y se perseguir\u00e1 de conformidad con lo dispuesto en los art\u00edculos L.335-2 y siguientes del C\u00f3digo de la Propiedad Intelectual. <\/p>\n\n<h2 class=\"wp-block-heading\">6. Limitaciones de responsabilidad<\/h2>\n\n<p>Pragmatikexpert Lda. no se hace responsable de los da\u00f1os directos e indirectos causados al equipo del usuario, al acceder al sitio web www.unik-seo.com, y que resulten bien del uso de un equipo que no cumpla las especificaciones indicadas en el punto 4, bien de la aparici\u00f3n de un error o incompatibilidad. <\/p>\n\n<p>Pragmatikexpert Lda. tampoco ser\u00e1 responsable de da\u00f1os indirectos (como p\u00e9rdida de mercado o p\u00e9rdida de oportunidades) resultantes del uso del <a href=\"https:\/\/www.unik-seo.com\/\" title=\"\">sitio web www.unik-seo.com.<\/a>  <\/p>\n\n<p>Los usuarios tienen a su disposici\u00f3n \u00e1reas interactivas (posibilidad de hacer preguntas en el \u00e1rea de contacto). Pragmatikexpert Lda. se reserva el derecho a eliminar, sin previo aviso, cualquier contenido publicado en esta \u00e1rea que contravenga la legislaci\u00f3n aplicable en Francia, en particular las disposiciones relativas a la protecci\u00f3n de datos. En caso necesario, Pragmatikexpert Lda. tambi\u00e9n se reserva el derecho de exigir responsabilidades civiles y\/o penales al usuario, especialmente en caso de mensajes de car\u00e1cter racista, insultante, difamatorio o pornogr\u00e1fico, sea cual sea el medio utilizado (texto, fotograf\u00edas, etc.).    <\/p>\n\n<h2 class=\"wp-block-heading\">7. Gesti\u00f3n de datos personales<\/h2>\n\n<p>En Francia, los datos personales est\u00e1n especialmente protegidos por la Ley n\u00ba 78-87 de 6 de enero de 1978, la Ley n\u00ba 2004-801 de 6 de agosto de 2004, el art\u00edculo L. 226-13 del C\u00f3digo Penal y la Directiva Europea de 24 de octubre de 1995.<\/p>\n\n<p>Al utilizar el sitio www.unik-seo.com, se puede recopilar lo siguiente: la URL de los enlaces a trav\u00e9s de los cuales el usuario accedi\u00f3 al sitio <a href=\"https:\/\/www.unik-seo.com\/\" title=\"\">www.unik-seo.com<\/a>, el proveedor de acceso del usuario, la direcci\u00f3n del protocolo de Internet (IP) del usuario.<\/p>\n\n<p>En cualquier caso, Pragmatikexpert Lda. s\u00f3lo recoge informaci\u00f3n personal relativa al usuario a efectos de determinados servicios ofrecidos por el <a href=\"https:\/\/www.unik-seo.com\/\" title=\"\">sitio web www.unik-seo.com<\/a>. El usuario proporciona esta informaci\u00f3n con pleno conocimiento de causa, en particular cuando \u00e9l mismo la introduce. A continuaci\u00f3n, se informa al usuario del sitio <a href=\"https:\/\/www.unik-seo.com\/\" title=\"\">www.unik-seo.com<\/a> de si est\u00e1 obligado o no a facilitar esta informaci\u00f3n.   <\/p>\n\n<p>De conformidad con las disposiciones de los art\u00edculos 38 y siguientes de la Ley 78-17 de 6 de enero de 1978 relativa a la inform\u00e1tica, a los ficheros y a las libertades, todo usuario tiene derecho de acceso, rectificaci\u00f3n y oposici\u00f3n a los datos de car\u00e1cter personal que le conciernan, mediante solicitud escrita y firmada, acompa\u00f1ada de una copia del documento de identidad con la firma del titular del documento, precisando la direcci\u00f3n a la que debe enviarse la respuesta.<\/p>\n\n<p>Ninguna informaci\u00f3n personal del usuario del sitio <a href=\"https:\/\/www.unik-seo.com\/\" title=\"\">www.unik-seo.com<\/a> es publicada sin el conocimiento del usuario, intercambiada, transferida, cedida o vendida en ning\u00fan medio a terceros. \u00danicamente la asunci\u00f3n de la recompra de Pragmatikexpert Lda. y sus derechos permitir\u00eda la transmisi\u00f3n de dicha informaci\u00f3n al eventual comprador que, a su vez, estar\u00eda sujeto a la misma obligaci\u00f3n de conservaci\u00f3n y modificaci\u00f3n de los datos respecto al usuario del sitio <a href=\"https:\/\/www.unik-seo.com\/\" title=\"\">www.unik-seo.com.<\/a>  <\/p>\n\n<p>Las bases de datos est\u00e1n protegidas por las disposiciones de la ley de 1 de julio de 1998 que transpone la Directiva 96\/9 de 11 de marzo de 1996 sobre la protecci\u00f3n jur\u00eddica de las bases de datos.<\/p>\n\n<h2 class=\"wp-block-heading\">8. Enlaces de hipertexto y cookies<\/h2>\n\n<p>El sitio web <a href=\"https:\/\/www.unik-seo.com\/\" title=\"\">www.unik-seo.com<\/a> contiene una serie de hiperv\u00ednculos a otros sitios, establecidos con el permiso de Pragmatikexpert Lda.. Sin embargo, Pragmatikexpert Lda. no tiene la posibilidad de comprobar el contenido de los sitios as\u00ed visitados y, en consecuencia, no asumir\u00e1 ninguna responsabilidad al respecto.<\/p>\n\n<p>Es probable que la navegaci\u00f3n por el sitio web <a href=\"https:\/\/www.unik-seo.com\/\" title=\"\">www.unik-seo.com<\/a> provoque la instalaci\u00f3n de cookie(s) en el ordenador del usuario. Una cookie es un peque\u00f1o archivo que no permite identificar al usuario, pero que registra informaci\u00f3n relativa a la navegaci\u00f3n de un ordenador en un sitio. Los datos as\u00ed obtenidos est\u00e1n destinados a facilitar la navegaci\u00f3n posterior en el sitio, y tambi\u00e9n a permitir diversas medidas de frecuentaci\u00f3n.  <\/p>\n\n<p>Rechazar la instalaci\u00f3n de una cookie puede imposibilitar el acceso a determinados servicios. Sin embargo, el usuario puede configurar su ordenador de la siguiente manera, para rechazar la instalaci\u00f3n de cookies: <\/p>\n\n<p>En Internet Explorer: el usuario puede configurar su ordenador del siguiente modo<\/p>\n\n<p>En Internet Explorer: pesta\u00f1a herramientas (pictograma en forma de engranaje arriba a la derecha) \/ opciones de internet. Haz clic en Privacidad y elige Bloquear todas las cookies. Valida en Ok.  <\/p>\n\n<p>En Firefox: en la parte superior de la ventana del navegador, haz clic en el bot\u00f3n Firefox y, a continuaci\u00f3n, ve a la pesta\u00f1a Opciones. Haz clic en la pesta\u00f1a Privacidad.<br\/>Establece las Reglas de retenci\u00f3n en: utilizar una configuraci\u00f3n personalizada para el historial. Por \u00faltimo, desmarca esta opci\u00f3n para desactivar las cookies.  <\/p>\n\n<p>En Safari: Haz clic en el icono de men\u00fa (simbolizado por una rueda dentada) situado en la parte superior derecha del navegador. Selecciona Ajustes. Haz clic en Mostrar ajustes avanzados. En la secci\u00f3n \u00abPrivacidad\u00bb, haz clic en Configuraci\u00f3n de contenido. En la secci\u00f3n \u00abCookies\u00bb, puedes bloquear las cookies.    <\/p>\n\n<p>En Chrome: Haz clic en el icono de men\u00fa (simbolizado por tres l\u00edneas horizontales) situado en la parte superior derecha del navegador. Selecciona Configuraci\u00f3n. Haz clic en Mostrar configuraci\u00f3n avanzada. En la secci\u00f3n \u00abPrivacidad\u00bb, haz clic en Preferencias. En la pesta\u00f1a \u00abPrivacidad\u00bb, puedes bloquear las cookies.    <\/p>\n\n<h2 class=\"wp-block-heading\">9. Ley aplicable y jurisdicci\u00f3n<\/h2>\n\n<p>Cualquier disputa relacionada con el uso del sitio <a href=\"https:\/\/www.unik-seo.com\/\" title=\"\">www.unik-seo.com<\/a> est\u00e1 sujeta a la legislaci\u00f3n portuguesa. Se concede jurisdicci\u00f3n exclusiva a los tribunales competentes de Oeiras. <\/p>\n\n<p>Todos los litigios relacionados con el uso del sitio est\u00e1n sujetos a la legislaci\u00f3n portuguesa.<\/p>\n\n<h2 class=\"wp-block-heading\">10. Las principales leyes afectadas<\/h2>\n\n<p>Ley n\u00ba 78-17 de 6 de enero de 1978, en particular modificada por la ley n\u00ba 2004-801 de 6 de agosto de 2004 relativa a la inform\u00e1tica, los archivos y las libertades.<\/p>\n\n<p>Ley n\u00ba 2004-575 de 21 de junio de 2004 sobre la confianza en la econom\u00eda digital.<\/p>\n\n<h2 class=\"wp-block-heading\">11. L\u00e9xico<\/h2>\n\n<p>Usuario: Usuario de Internet que se conecta y utiliza el sitio mencionado.<\/p>\n\n<p>Datos de car\u00e1cter personal: \u00abla informaci\u00f3n que permite, bajo cualquier forma, directamente o no, la identificaci\u00f3n de las personas f\u00edsicas a las que se aplica\u00bb (art\u00edculo 4 de la ley n\u00b0 78-17 de 6 de enero de 1978).<\/p>\n\n<p><\/p>\n","protected":false},"excerpt":{"rendered":"<p>Si no est\u00e1s de acuerdo con nuestros T\u00e9rminos y Condiciones, no debes rellenar el formulario de contacto de nuestro sitio, ni suscribirte a nuestro Bolet\u00edn o a nuestros servicios.<\/p>\n","protected":false},"author":3,"featured_media":0,"parent":0,"menu_order":0,"comment_status":"closed","ping_status":"closed","template":"","meta":{"_acf_changed":false,"footnotes":""},"categories":[],"tags":[],"service":[],"class_list":["post-28905","page","type-page","status-publish","hentry"],"acf":[],"aioseo_notices":[],"_links":{"self":[{"href":"https:\/\/www.unik-seo.com\/es\/wp-json\/wp\/v2\/pages\/28905","targetHints":{"allow":["GET"]}}],"collection":[{"href":"https:\/\/www.unik-seo.com\/es\/wp-json\/wp\/v2\/pages"}],"about":[{"href":"https:\/\/www.unik-seo.com\/es\/wp-json\/wp\/v2\/types\/page"}],"author":[{"embeddable":true,"href":"https:\/\/www.unik-seo.com\/es\/wp-json\/wp\/v2\/users\/3"}],"replies":[{"embeddable":true,"href":"https:\/\/www.unik-seo.com\/es\/wp-json\/wp\/v2\/comments?post=28905"}],"version-history":[{"count":2,"href":"https:\/\/www.unik-seo.com\/es\/wp-json\/wp\/v2\/pages\/28905\/revisions"}],"predecessor-version":[{"id":28908,"href":"https:\/\/www.unik-seo.com\/es\/wp-json\/wp\/v2\/pages\/28905\/revisions\/28908"}],"wp:attachment":[{"href":"https:\/\/www.unik-seo.com\/es\/wp-json\/wp\/v2\/media?parent=28905"}],"wp:term":[{"taxonomy":"category","embeddable":true,"href":"https:\/\/www.unik-seo.com\/es\/wp-json\/wp\/v2\/categories?post=28905"},{"taxonomy":"post_tag","embeddable":true,"href":"https:\/\/www.unik-seo.com\/es\/wp-json\/wp\/v2\/tags?post=28905"},{"taxonomy":"service","embeddable":true,"href":"https:\/\/www.unik-seo.com\/es\/wp-json\/wp\/v2\/service?post=28905"}],"curies":[{"name":"wp","href":"https:\/\/api.w.org\/{rel}","templated":true}]}}