{"id":28740,"date":"2025-03-19T01:21:35","date_gmt":"2025-03-19T01:21:35","guid":{"rendered":"https:\/\/dev.unik-seo.com\/marketing\/servicios-de-e-reputacion\/"},"modified":"2025-10-01T09:45:02","modified_gmt":"2025-10-01T09:45:02","slug":"e-reputacion","status":"publish","type":"page","link":"https:\/\/www.unik-seo.com\/es\/e-reputacion","title":{"rendered":"E-Reputaci\u00f3n"},"content":{"rendered":"","protected":false},"excerpt":{"rendered":"<p>Toma el control de c\u00f3mo te ve el mundo con los servicios expertos en reputaci\u00f3n electr\u00f3nica de UniK SEO. Nuestros servicios personalizados de gesti\u00f3n de la reputaci\u00f3n SEO te ayudan a rechazar el contenido negativo, potenciar los activos de confianza y recuperar tu identidad digital en los motores de b\u00fasqueda. <\/p>\n","protected":false},"author":3,"featured_media":28743,"parent":0,"menu_order":0,"comment_status":"closed","ping_status":"closed","template":"","meta":{"_acf_changed":false,"footnotes":""},"categories":[183],"tags":[124,263],"service":[],"class_list":["post-28740","page","type-page","status-publish","has-post-thumbnail","hentry","category-social-y-datos","tag-b2b","tag-link-building"],"acf":[],"aioseo_notices":[],"_links":{"self":[{"href":"https:\/\/www.unik-seo.com\/es\/wp-json\/wp\/v2\/pages\/28740","targetHints":{"allow":["GET"]}}],"collection":[{"href":"https:\/\/www.unik-seo.com\/es\/wp-json\/wp\/v2\/pages"}],"about":[{"href":"https:\/\/www.unik-seo.com\/es\/wp-json\/wp\/v2\/types\/page"}],"author":[{"embeddable":true,"href":"https:\/\/www.unik-seo.com\/es\/wp-json\/wp\/v2\/users\/3"}],"replies":[{"embeddable":true,"href":"https:\/\/www.unik-seo.com\/es\/wp-json\/wp\/v2\/comments?post=28740"}],"version-history":[{"count":2,"href":"https:\/\/www.unik-seo.com\/es\/wp-json\/wp\/v2\/pages\/28740\/revisions"}],"predecessor-version":[{"id":30677,"href":"https:\/\/www.unik-seo.com\/es\/wp-json\/wp\/v2\/pages\/28740\/revisions\/30677"}],"wp:featuredmedia":[{"embeddable":true,"href":"https:\/\/www.unik-seo.com\/es\/wp-json\/wp\/v2\/media\/28743"}],"wp:attachment":[{"href":"https:\/\/www.unik-seo.com\/es\/wp-json\/wp\/v2\/media?parent=28740"}],"wp:term":[{"taxonomy":"category","embeddable":true,"href":"https:\/\/www.unik-seo.com\/es\/wp-json\/wp\/v2\/categories?post=28740"},{"taxonomy":"post_tag","embeddable":true,"href":"https:\/\/www.unik-seo.com\/es\/wp-json\/wp\/v2\/tags?post=28740"},{"taxonomy":"service","embeddable":true,"href":"https:\/\/www.unik-seo.com\/es\/wp-json\/wp\/v2\/service?post=28740"}],"curies":[{"name":"wp","href":"https:\/\/api.w.org\/{rel}","templated":true}]}}