{"id":28733,"date":"2025-04-02T00:27:50","date_gmt":"2025-04-02T00:27:50","guid":{"rendered":"https:\/\/dev.unik-seo.com\/seo\/optimizacion-de-la-app-store\/"},"modified":"2025-10-01T09:54:36","modified_gmt":"2025-10-01T09:54:36","slug":"optimizacion-app-store","status":"publish","type":"page","link":"https:\/\/www.unik-seo.com\/es\/optimizacion-app-store","title":{"rendered":"Optimizaci\u00f3n en App Store"},"content":{"rendered":"","protected":false},"excerpt":{"rendered":"<p>UniK SEO es pionera en servicios de App Store Optimization en Portugal. Nuestra planificaci\u00f3n estrat\u00e9gica se centra en atraer m\u00e1s visibilidad, exposici\u00f3n y descargas para tu aplicaci\u00f3n en las tiendas de aplicaciones online (Google Play, iTunes, Microsoft Store, etc.). <\/p>\n","protected":false},"author":3,"featured_media":28738,"parent":0,"menu_order":0,"comment_status":"closed","ping_status":"closed","template":"","meta":{"_acf_changed":false,"footnotes":""},"categories":[180,181],"tags":[124],"service":[],"class_list":["post-28733","page","type-page","status-publish","has-post-thumbnail","hentry","category-servicios-seo","category-seo-por-servicio","tag-b2b"],"acf":[],"aioseo_notices":[],"_links":{"self":[{"href":"https:\/\/www.unik-seo.com\/es\/wp-json\/wp\/v2\/pages\/28733","targetHints":{"allow":["GET"]}}],"collection":[{"href":"https:\/\/www.unik-seo.com\/es\/wp-json\/wp\/v2\/pages"}],"about":[{"href":"https:\/\/www.unik-seo.com\/es\/wp-json\/wp\/v2\/types\/page"}],"author":[{"embeddable":true,"href":"https:\/\/www.unik-seo.com\/es\/wp-json\/wp\/v2\/users\/3"}],"replies":[{"embeddable":true,"href":"https:\/\/www.unik-seo.com\/es\/wp-json\/wp\/v2\/comments?post=28733"}],"version-history":[{"count":2,"href":"https:\/\/www.unik-seo.com\/es\/wp-json\/wp\/v2\/pages\/28733\/revisions"}],"predecessor-version":[{"id":30694,"href":"https:\/\/www.unik-seo.com\/es\/wp-json\/wp\/v2\/pages\/28733\/revisions\/30694"}],"wp:featuredmedia":[{"embeddable":true,"href":"https:\/\/www.unik-seo.com\/es\/wp-json\/wp\/v2\/media\/28738"}],"wp:attachment":[{"href":"https:\/\/www.unik-seo.com\/es\/wp-json\/wp\/v2\/media?parent=28733"}],"wp:term":[{"taxonomy":"category","embeddable":true,"href":"https:\/\/www.unik-seo.com\/es\/wp-json\/wp\/v2\/categories?post=28733"},{"taxonomy":"post_tag","embeddable":true,"href":"https:\/\/www.unik-seo.com\/es\/wp-json\/wp\/v2\/tags?post=28733"},{"taxonomy":"service","embeddable":true,"href":"https:\/\/www.unik-seo.com\/es\/wp-json\/wp\/v2\/service?post=28733"}],"curies":[{"name":"wp","href":"https:\/\/api.w.org\/{rel}","templated":true}]}}