{"id":28725,"date":"2025-04-02T00:31:33","date_gmt":"2025-04-02T00:31:33","guid":{"rendered":"https:\/\/dev.unik-seo.com\/seo\/servicios-de-recuperacion-de-penalizaciones-de-google\/"},"modified":"2025-10-08T15:35:24","modified_gmt":"2025-10-08T15:35:24","slug":"recuperacion-penalizacion-google","status":"publish","type":"page","link":"https:\/\/www.unik-seo.com\/es\/recuperacion-penalizacion-google","title":{"rendered":"Recuperaci\u00f3n de Penalizaci\u00f3n Google"},"content":{"rendered":"","protected":false},"excerpt":{"rendered":"<p>\u00bfHas sufrido de repente una p\u00e9rdida importante de tr\u00e1fico y\/o una ca\u00edda sustancial en tu posicionamiento? Puede que te haya llegado una penalizaci\u00f3n de Google (autom\u00e1tica o manual) y no sepas c\u00f3mo proceder. Por suerte para ti, UniK SEO est\u00e1 aqu\u00ed para ayudarte en el proceso de recuperaci\u00f3n.  <\/p>\n","protected":false},"author":3,"featured_media":28731,"parent":0,"menu_order":0,"comment_status":"closed","ping_status":"closed","template":"","meta":{"_acf_changed":false,"footnotes":""},"categories":[180,181],"tags":[124],"service":[],"class_list":["post-28725","page","type-page","status-publish","has-post-thumbnail","hentry","category-servicios-seo","category-seo-por-servicio","tag-b2b"],"acf":[],"aioseo_notices":[],"_links":{"self":[{"href":"https:\/\/www.unik-seo.com\/es\/wp-json\/wp\/v2\/pages\/28725","targetHints":{"allow":["GET"]}}],"collection":[{"href":"https:\/\/www.unik-seo.com\/es\/wp-json\/wp\/v2\/pages"}],"about":[{"href":"https:\/\/www.unik-seo.com\/es\/wp-json\/wp\/v2\/types\/page"}],"author":[{"embeddable":true,"href":"https:\/\/www.unik-seo.com\/es\/wp-json\/wp\/v2\/users\/3"}],"replies":[{"embeddable":true,"href":"https:\/\/www.unik-seo.com\/es\/wp-json\/wp\/v2\/comments?post=28725"}],"version-history":[{"count":3,"href":"https:\/\/www.unik-seo.com\/es\/wp-json\/wp\/v2\/pages\/28725\/revisions"}],"predecessor-version":[{"id":30695,"href":"https:\/\/www.unik-seo.com\/es\/wp-json\/wp\/v2\/pages\/28725\/revisions\/30695"}],"wp:featuredmedia":[{"embeddable":true,"href":"https:\/\/www.unik-seo.com\/es\/wp-json\/wp\/v2\/media\/28731"}],"wp:attachment":[{"href":"https:\/\/www.unik-seo.com\/es\/wp-json\/wp\/v2\/media?parent=28725"}],"wp:term":[{"taxonomy":"category","embeddable":true,"href":"https:\/\/www.unik-seo.com\/es\/wp-json\/wp\/v2\/categories?post=28725"},{"taxonomy":"post_tag","embeddable":true,"href":"https:\/\/www.unik-seo.com\/es\/wp-json\/wp\/v2\/tags?post=28725"},{"taxonomy":"service","embeddable":true,"href":"https:\/\/www.unik-seo.com\/es\/wp-json\/wp\/v2\/service?post=28725"}],"curies":[{"name":"wp","href":"https:\/\/api.w.org\/{rel}","templated":true}]}}