{"id":28719,"date":"2025-03-18T12:21:31","date_gmt":"2025-03-18T12:21:31","guid":{"rendered":"https:\/\/dev.unik-seo.com\/seo\/estrategia-de-marketing-de-contenidos\/"},"modified":"2025-11-06T15:59:04","modified_gmt":"2025-11-06T15:59:04","slug":"marketing-de-contenidos","status":"publish","type":"page","link":"https:\/\/www.unik-seo.com\/es\/marketing-de-contenidos","title":{"rendered":"Marketing de contenidos"},"content":{"rendered":"","protected":false},"excerpt":{"rendered":"<p>Descubre los servicios SEO de marketing de contenidos dirigidos por expertos de UniK SEO, donde la estrategia se une al rendimiento. Desde la investigaci\u00f3n de palabras clave y la creaci\u00f3n de contenidos hasta la optimizaci\u00f3n y la elaboraci\u00f3n de informes, creamos contenidos orientados al SEO que clasifican, convierten y aumentan tu visibilidad a largo plazo. <\/p>\n","protected":false},"author":3,"featured_media":28724,"parent":0,"menu_order":0,"comment_status":"closed","ping_status":"closed","template":"","meta":{"_acf_changed":false,"footnotes":""},"categories":[180,181],"tags":[124,260],"service":[],"class_list":["post-28719","page","type-page","status-publish","has-post-thumbnail","hentry","category-servicios-seo","category-seo-por-servicio","tag-b2b","tag-content-seo"],"acf":[],"aioseo_notices":[],"_links":{"self":[{"href":"https:\/\/www.unik-seo.com\/es\/wp-json\/wp\/v2\/pages\/28719","targetHints":{"allow":["GET"]}}],"collection":[{"href":"https:\/\/www.unik-seo.com\/es\/wp-json\/wp\/v2\/pages"}],"about":[{"href":"https:\/\/www.unik-seo.com\/es\/wp-json\/wp\/v2\/types\/page"}],"author":[{"embeddable":true,"href":"https:\/\/www.unik-seo.com\/es\/wp-json\/wp\/v2\/users\/3"}],"replies":[{"embeddable":true,"href":"https:\/\/www.unik-seo.com\/es\/wp-json\/wp\/v2\/comments?post=28719"}],"version-history":[{"count":3,"href":"https:\/\/www.unik-seo.com\/es\/wp-json\/wp\/v2\/pages\/28719\/revisions"}],"predecessor-version":[{"id":31465,"href":"https:\/\/www.unik-seo.com\/es\/wp-json\/wp\/v2\/pages\/28719\/revisions\/31465"}],"wp:featuredmedia":[{"embeddable":true,"href":"https:\/\/www.unik-seo.com\/es\/wp-json\/wp\/v2\/media\/28724"}],"wp:attachment":[{"href":"https:\/\/www.unik-seo.com\/es\/wp-json\/wp\/v2\/media?parent=28719"}],"wp:term":[{"taxonomy":"category","embeddable":true,"href":"https:\/\/www.unik-seo.com\/es\/wp-json\/wp\/v2\/categories?post=28719"},{"taxonomy":"post_tag","embeddable":true,"href":"https:\/\/www.unik-seo.com\/es\/wp-json\/wp\/v2\/tags?post=28719"},{"taxonomy":"service","embeddable":true,"href":"https:\/\/www.unik-seo.com\/es\/wp-json\/wp\/v2\/service?post=28719"}],"curies":[{"name":"wp","href":"https:\/\/api.w.org\/{rel}","templated":true}]}}