{"id":28667,"date":"2025-03-06T16:37:04","date_gmt":"2025-03-06T16:37:04","guid":{"rendered":"https:\/\/dev.unik-seo.com\/servicios-de-auditoria-seo\/"},"modified":"2025-10-01T09:46:42","modified_gmt":"2025-10-01T09:46:42","slug":"auditorias-seo","status":"publish","type":"page","link":"https:\/\/www.unik-seo.com\/es\/auditorias-seo","title":{"rendered":"Auditor\u00edas SEO"},"content":{"rendered":"","protected":false},"excerpt":{"rendered":"<p>Puede que tu sitio web tenga un aspecto estupendo por fuera, pero si no est\u00e1 optimizado por dentro, est\u00e1s perdiendo tr\u00e1fico, posiciones e ingresos. Los servicios de auditor\u00eda SEO dirigidos por expertos de UniK SEO revelan los problemas ocultos que frenan tu sitio, desde problemas t\u00e9cnicos de auditor\u00eda SEO hasta lagunas en la auditor\u00eda SEO on-page e ineficiencias en la auditor\u00eda SEO de contenidos. <\/p>\n","protected":false},"author":3,"featured_media":28679,"parent":0,"menu_order":0,"comment_status":"closed","ping_status":"closed","template":"","meta":{"_acf_changed":false,"footnotes":""},"categories":[180,181],"tags":[124],"service":[],"class_list":["post-28667","page","type-page","status-publish","has-post-thumbnail","hentry","category-servicios-seo","category-seo-por-servicio","tag-b2b"],"acf":[],"aioseo_notices":[],"_links":{"self":[{"href":"https:\/\/www.unik-seo.com\/es\/wp-json\/wp\/v2\/pages\/28667","targetHints":{"allow":["GET"]}}],"collection":[{"href":"https:\/\/www.unik-seo.com\/es\/wp-json\/wp\/v2\/pages"}],"about":[{"href":"https:\/\/www.unik-seo.com\/es\/wp-json\/wp\/v2\/types\/page"}],"author":[{"embeddable":true,"href":"https:\/\/www.unik-seo.com\/es\/wp-json\/wp\/v2\/users\/3"}],"replies":[{"embeddable":true,"href":"https:\/\/www.unik-seo.com\/es\/wp-json\/wp\/v2\/comments?post=28667"}],"version-history":[{"count":2,"href":"https:\/\/www.unik-seo.com\/es\/wp-json\/wp\/v2\/pages\/28667\/revisions"}],"predecessor-version":[{"id":30588,"href":"https:\/\/www.unik-seo.com\/es\/wp-json\/wp\/v2\/pages\/28667\/revisions\/30588"}],"wp:featuredmedia":[{"embeddable":true,"href":"https:\/\/www.unik-seo.com\/es\/wp-json\/wp\/v2\/media\/28679"}],"wp:attachment":[{"href":"https:\/\/www.unik-seo.com\/es\/wp-json\/wp\/v2\/media?parent=28667"}],"wp:term":[{"taxonomy":"category","embeddable":true,"href":"https:\/\/www.unik-seo.com\/es\/wp-json\/wp\/v2\/categories?post=28667"},{"taxonomy":"post_tag","embeddable":true,"href":"https:\/\/www.unik-seo.com\/es\/wp-json\/wp\/v2\/tags?post=28667"},{"taxonomy":"service","embeddable":true,"href":"https:\/\/www.unik-seo.com\/es\/wp-json\/wp\/v2\/service?post=28667"}],"curies":[{"name":"wp","href":"https:\/\/api.w.org\/{rel}","templated":true}]}}