{"id":28647,"date":"2025-03-18T12:36:51","date_gmt":"2025-03-18T12:36:51","guid":{"rendered":"https:\/\/dev.unik-seo.com\/servicios-de-construccion-de-enlaces\/"},"modified":"2025-10-28T00:30:01","modified_gmt":"2025-10-28T00:30:01","slug":"link-building","status":"publish","type":"page","link":"https:\/\/www.unik-seo.com\/es\/link-building","title":{"rendered":"Construcci\u00f3n de enlaces"},"content":{"rendered":"","protected":false},"excerpt":{"rendered":"<p>Si quieres que tu sitio web se posicione en Google, necesitas algo m\u00e1s que un gran contenido. Necesitas confianza. Esa confianza proviene de enlaces de retroceso de alta calidad, es decir, enlaces de otros sitios web que apuntan al tuyo. En UniK SEO, ofrecemos servicios profesionales de creaci\u00f3n de enlaces que ayudan a tu sitio web a ganarse esa confianza, escalar posiciones en los resultados de b\u00fasqueda y llegar a nuevos p\u00fablicos.   <\/p>\n","protected":false},"author":3,"featured_media":28653,"parent":0,"menu_order":0,"comment_status":"closed","ping_status":"closed","template":"","meta":{"_acf_changed":false,"footnotes":""},"categories":[180,181],"tags":[124,263],"service":[],"class_list":["post-28647","page","type-page","status-publish","has-post-thumbnail","hentry","category-servicios-seo","category-seo-por-servicio","tag-b2b","tag-link-building"],"acf":[],"aioseo_notices":[],"_links":{"self":[{"href":"https:\/\/www.unik-seo.com\/es\/wp-json\/wp\/v2\/pages\/28647","targetHints":{"allow":["GET"]}}],"collection":[{"href":"https:\/\/www.unik-seo.com\/es\/wp-json\/wp\/v2\/pages"}],"about":[{"href":"https:\/\/www.unik-seo.com\/es\/wp-json\/wp\/v2\/types\/page"}],"author":[{"embeddable":true,"href":"https:\/\/www.unik-seo.com\/es\/wp-json\/wp\/v2\/users\/3"}],"replies":[{"embeddable":true,"href":"https:\/\/www.unik-seo.com\/es\/wp-json\/wp\/v2\/comments?post=28647"}],"version-history":[{"count":5,"href":"https:\/\/www.unik-seo.com\/es\/wp-json\/wp\/v2\/pages\/28647\/revisions"}],"predecessor-version":[{"id":31471,"href":"https:\/\/www.unik-seo.com\/es\/wp-json\/wp\/v2\/pages\/28647\/revisions\/31471"}],"wp:featuredmedia":[{"embeddable":true,"href":"https:\/\/www.unik-seo.com\/es\/wp-json\/wp\/v2\/media\/28653"}],"wp:attachment":[{"href":"https:\/\/www.unik-seo.com\/es\/wp-json\/wp\/v2\/media?parent=28647"}],"wp:term":[{"taxonomy":"category","embeddable":true,"href":"https:\/\/www.unik-seo.com\/es\/wp-json\/wp\/v2\/categories?post=28647"},{"taxonomy":"post_tag","embeddable":true,"href":"https:\/\/www.unik-seo.com\/es\/wp-json\/wp\/v2\/tags?post=28647"},{"taxonomy":"service","embeddable":true,"href":"https:\/\/www.unik-seo.com\/es\/wp-json\/wp\/v2\/service?post=28647"}],"curies":[{"name":"wp","href":"https:\/\/api.w.org\/{rel}","templated":true}]}}